{"id":64,"date":"2014-01-11T22:26:23","date_gmt":"2014-01-11T21:26:23","guid":{"rendered":"http:\/\/istituto.webgov.it\/?page_id=64"},"modified":"2014-05-18T16:35:40","modified_gmt":"2014-05-18T14:35:40","slug":"storia-della-scuola","status":"publish","type":"page","link":"http:\/\/www.ic-orazio-pomezia.edu.it\/storia-della-scuola\/","title":{"rendered":"Storia della scuola"},"content":{"rendered":"<p style=\"text-align: center;\"><a href=\"http:\/\/www.ic-orazio-pomezia.edu.it\/wp-content\/uploads\/2014\/05\/IL-PERSONALE.jpg\"><img decoding=\"async\" loading=\"lazy\" class=\" wp-image-671 aligncenter\" alt=\"IL PERSONALE\" src=\"http:\/\/www.ic-orazio-pomezia.edu.it\/wp-content\/uploads\/2014\/05\/IL-PERSONALE-300x225.jpg\" width=\"180\" height=\"135\" srcset=\"http:\/\/www.ic-orazio-pomezia.edu.it\/wp-content\/uploads\/2014\/05\/IL-PERSONALE-300x225.jpg 300w, http:\/\/www.ic-orazio-pomezia.edu.it\/wp-content\/uploads\/2014\/05\/IL-PERSONALE-1024x768.jpg 1024w, http:\/\/www.ic-orazio-pomezia.edu.it\/wp-content\/uploads\/2014\/05\/IL-PERSONALE.jpg 2048w\" sizes=\"(max-width: 180px) 100vw, 180px\" \/><\/a><\/p>\n<div class=\"table-responsive\"><table class=\"table  table-striped table-bordered table-hover\"  width=\"100%\" cellspacing=\"0\" cellpadding=\"0\">\n<tbody>\n<tr>\n<td>\n<div>\n<p align=\"center\"><b>Sabato 22 maggio 2010 all\u2019Hotel Antonella \u00e8 stato \u00a0\u00a0\u00a0 festeggiato il quarantennale della scuola Orazio<\/b><\/p>\n<\/div>\n<\/td>\n<\/tr>\n<\/tbody>\n<\/table><\/div>\n<p align=\"center\"><a href=\"http:\/\/www.ic-orazio-pomezia.it\/index_file\/Page1369.htm\">\u00a0 \u00a0 \u00a0 \u00a0 \u00a0 \u00a0 \u00a0 \u00a0 \u00a0 \u00a0 \u00a0 \u00a0\u00a0<\/a><\/p>\n<p>Una scuola \u00e8 da ritenersi veramente tale quando \u00e8 in grado di offrire un servizio di qualit\u00e0, quando svolge il suo ruolo di insegnare, quando educa i suoi giovani ad essere cittadini consapevoli dei loro diritti e dei loro doveri, quando opera in sinergia con il territorio e ne conosce gli umori e i problemi, quando diventa un punto di riferimento culturale e sociale, quando \u00e8 un presidio delle istituzioni. La scuola Orazio di Pomezia, nei quarant\u2019anni della sua storia, pur tra mille difficolt\u00e0, \u00e8 stata ed \u00e8 tutto questo. Sabato 22 maggio erano quasi in duecento: presidi e insegnanti, vecchi e nuovi dell\u2019Orazio, e personale Ata a festeggiare presso l\u2019Hotel Antonella, il bellissimo compleanno dei primi quarant\u2019anni di questa scuola. Sono tanti quarant\u2019anni in una citt\u00e0 come Pomezia che ne ha soltanto settantadue. Sono la stessa storia della citt\u00e0 perch\u00e9 dall\u2019Orazio sono passate intere generazioni di pometini, i padri e poi i figli ed ora incominciano ad arrivare anche i nipoti, in una continuit\u00e0 che ha qualcosa di straordinariamente bello. Perch\u00e9 la scuola non \u00e8 solo una istituzione ma diventa parte della stessa storia di una famiglia e di una comunit\u00e0. La scuola media Orazio viene istituita nel 1970 con una prima sede in via Orazio, in una palazzina privata, poi cresce e vengono trovati altri locali di fortuna in varie parti della citt\u00e0. Nel 1976 si trasferisce nell\u2019attuale sede di via Fratelli Bandiera, un\u2019altra data importante \u00e8 il 1999 quando diventa Istituto Comprensivo Orazio acquisendo oltre che la scuola media anche la scuola elementare di via Cincinnato e la scuola materna di via Singen. L\u2019Istituto Orazio porta avanti dalla materna, alle elementari e poi alle medie un percorso didattico di qualit\u00e0 impegnando tutte le sue energie al servizio dei suoi oltre mille studenti. Una scuola \u00e8 tale anche per i suoi progetti e l\u2019Orazio, nell\u2019arco degli anni, ne ha fatti tanti e fondamentali. Ricordo la realizzazione delle porte del Comune, gli scambi culturali con Singen, il progetto Scuola-Museo, le tante iniziative dei suoi laboratori di artistica, di musica, di informatica, di tecnica, di lingua italiana e straniere, di matematica e scienze, le sue attivit\u00e0 sportive, i suoi campi scuola in Italia e all\u2019estero, i Larsa, l\u2019orientamento, l\u2019intercultura, la sicurezza, la salute, l\u2019educazione stradale, l\u2019educazione alimentare e ambientale, il sostegno ai portatori di handicap, l\u2019inserimento di bambini stranieri. Una scuola sempre pronta a coinvolgere anche professionalit\u00e0 esterne e a partecipare ad iniziative di altri enti atti a migliorare l\u2019offerta formativa. Ricordare tutti i presidi, i professori, il personale non docente, i presidenti ed i membri dei consiglio di istituto che hanno contribuito alla crescita dell\u2019Orazio \u00e8 quasi impossibile, a loro va il doveroso ringraziamento come va a quegli amministratori pubblici ed istituzioni che hanno aiutato la scuola. I nomi degli assenti spesso si rincorrevano in sala accompagnati da dolci ricordi. Spesso i ricordi sono andati anche a chi non c\u2019\u00e8 pi\u00f9 come il prof. Adolfo Prastaro, per tanti anni preside dell\u2019Orazio, deceduto due anni fa, e la prof.ssa Giovanna Minardi anche lei recentemente scomparsa e tra i primi insegnanti dell\u2019Orazio. Sono stato un professore dell\u2019Orazio per venticinque anni e sono orgoglioso di avere lavorato con tante persone degne di stima e di aver dato il mio contributo a far crescere la scuola. Lo stesso sentimento l\u2019ho avvertito negli altri ex dell\u2019Orazio, che come me sono in pensione o che si sono trasferiti in altre scuole vicino casa, e che hanno voluto esserci per testimoniare il loro affetto per i loro ex colleghi e per questa scuola. La scuola \u00e8 proprio vero mantiene giovani e trasmette allegria. Bravi il prof. Taccone e le prof.sse Biagi, Sacco e Brogelli che hanno promosso questo primo raduno e organizzato magnificamente questo incontro. L\u2019infaticabile preside Marco Coluzzi, oltre all\u2019Orazio, visto il grande successo dell\u2019iniziativa ha gi\u00e0 proposto di non aspettare il cinquantesimo anniversario ma di riproporre ogni anno questo raduno. Quindi se tutto va bene l\u2019appuntamento \u00e8 per il prossimo anno il quarantunesimo, gi\u00e0 da ora mi raccomando, non deve mancare nessuno!<\/p>\n<p><a href=\"http:\/\/www.ic-orazio-pomezia.edu.it\/wp-content\/uploads\/2014\/05\/I-PRESIDI.jpg\"><img decoding=\"async\" loading=\"lazy\" alt=\"I PRESIDI\" src=\"http:\/\/www.ic-orazio-pomezia.edu.it\/wp-content\/uploads\/2014\/05\/I-PRESIDI-300x225.jpg\" width=\"180\" height=\"135\" \/><\/a>\u00a0 \u00a0 \u00a0 \u00a0 \u00a0 \u00a0 \u00a0 \u00a0 \u00a0 \u00a0<a href=\"http:\/\/www.ic-orazio-pomezia.edu.it\/wp-content\/uploads\/2014\/05\/I-VETERANI.jpg\"><img decoding=\"async\" loading=\"lazy\" alt=\"I VETERANI\" src=\"http:\/\/www.ic-orazio-pomezia.edu.it\/wp-content\/uploads\/2014\/05\/I-VETERANI-300x225.jpg\" width=\"180\" height=\"135\" \/><\/a><\/p>\n<p style=\"text-align: center;\">\n<p style=\"text-align: left;\"><i>Prof.\u00a0 Antonio Sessa<\/i><\/p>\n","protected":false},"excerpt":{"rendered":"<p>Sabato 22 maggio 2010 all\u2019Hotel Antonella \u00e8 stato \u00a0\u00a0\u00a0 festeggiato il quarantennale della scuola Orazio \u00a0 \u00a0 \u00a0 \u00a0 \u00a0 \u00a0 \u00a0 \u00a0 \u00a0 \u00a0 \u00a0 \u00a0\u00a0 Una scuola \u00e8 da ritenersi veramente tale quando \u00e8 [&hellip;]<\/p>\n","protected":false},"author":1,"featured_media":0,"parent":0,"menu_order":0,"comment_status":"open","ping_status":"open","template":"","meta":[],"_links":{"self":[{"href":"http:\/\/www.ic-orazio-pomezia.edu.it\/wp-json\/wp\/v2\/pages\/64"}],"collection":[{"href":"http:\/\/www.ic-orazio-pomezia.edu.it\/wp-json\/wp\/v2\/pages"}],"about":[{"href":"http:\/\/www.ic-orazio-pomezia.edu.it\/wp-json\/wp\/v2\/types\/page"}],"author":[{"embeddable":true,"href":"http:\/\/www.ic-orazio-pomezia.edu.it\/wp-json\/wp\/v2\/users\/1"}],"replies":[{"embeddable":true,"href":"http:\/\/www.ic-orazio-pomezia.edu.it\/wp-json\/wp\/v2\/comments?post=64"}],"version-history":[{"count":6,"href":"http:\/\/www.ic-orazio-pomezia.edu.it\/wp-json\/wp\/v2\/pages\/64\/revisions"}],"predecessor-version":[{"id":612,"href":"http:\/\/www.ic-orazio-pomezia.edu.it\/wp-json\/wp\/v2\/pages\/64\/revisions\/612"}],"wp:attachment":[{"href":"http:\/\/www.ic-orazio-pomezia.edu.it\/wp-json\/wp\/v2\/media?parent=64"}],"curies":[{"name":"wp","href":"https:\/\/api.w.org\/{rel}","templated":true}]}}